{"id":366,"date":"2019-09-07T15:17:11","date_gmt":"2019-09-07T15:17:11","guid":{"rendered":"https:\/\/davidhirst.org\/recordings-video\/"},"modified":"2025-07-13T20:14:39","modified_gmt":"2025-07-13T20:14:39","slug":"recordings","status":"publish","type":"page","link":"https:\/\/davidhirst.org\/fr\/recordings\/","title":{"rendered":"Recordings &#038; Video"},"content":{"rendered":"<div class=\"woocommerce columns-4 \"><ul class=\"products columns-4\">\n<li class=\"entry product type-product post-2492 status-publish first instock product_cat-uncategorized has-post-thumbnail shipping-taxable purchasable product-type-simple\">\n\t<a href=\"https:\/\/davidhirst.org\/fr\/shop\/colours-of-the-collegiale-david-hirst-plays-the-organs-of-notre-dame-de-mantes-la-jolie\/\" class=\"woocommerce-LoopProduct-link woocommerce-loop-product__link\"><img loading=\"lazy\" decoding=\"async\" width=\"300\" height=\"300\" src=\"https:\/\/davidhirst.org\/wp-content\/uploads\/2022\/06\/PRCD-1244-Booklet-low-res_page-0001-300x300.jpg\" class=\"attachment-woocommerce_thumbnail size-woocommerce_thumbnail\" alt=\"Colours of the Coll\u00e9giale - David Hirst plays the organs of Notre-Dame de Mantes-la-Jolie\" srcset=\"https:\/\/davidhirst.org\/wp-content\/uploads\/2022\/06\/PRCD-1244-Booklet-low-res_page-0001-300x300.jpg 300w, https:\/\/davidhirst.org\/wp-content\/uploads\/2022\/06\/PRCD-1244-Booklet-low-res_page-0001-150x150.jpg 150w, https:\/\/davidhirst.org\/wp-content\/uploads\/2022\/06\/PRCD-1244-Booklet-low-res_page-0001-141x140.jpg 141w, https:\/\/davidhirst.org\/wp-content\/uploads\/2022\/06\/PRCD-1244-Booklet-low-res_page-0001-100x100.jpg 100w\" sizes=\"auto, (max-width: 34.9rem) calc(100vw - 2rem), (max-width: 53rem) calc(8 * (100vw \/ 12)), (min-width: 53rem) calc(6 * (100vw \/ 12)), 100vw\" \/><h2 class=\"woocommerce-loop-product__title\">Colours of the Coll\u00e9giale &#8211; David Hirst plays the organs of Notre-Dame de Mantes-la-Jolie<\/h2>\n\t<span class=\"price\"><span class=\"woocommerce-Price-amount amount\"><bdi><span class=\"woocommerce-Price-currencySymbol\">&euro;<\/span>15.00<\/bdi><\/span><\/span>\n<\/a><a href=\"\/fr\/wp-json\/wp\/v2\/pages\/366?add-to-cart=2492\" aria-describedby=\"woocommerce_loop_add_to_cart_link_describedby_2492\" data-quantity=\"1\" class=\"button product_type_simple add_to_cart_button ajax_add_to_cart\" data-product_id=\"2492\" data-product_sku=\"\" aria-label=\"Ajouter au panier\u00a0: &ldquo;Colours of the Coll\u00e9giale - David Hirst plays the organs of Notre-Dame de Mantes-la-Jolie&rdquo;\" rel=\"nofollow\" data-success_message=\"\u00ab\u00a0Colours of the Coll\u00e9giale - David Hirst plays the organs of Notre-Dame de Mantes-la-Jolie\u00a0\u00bb a \u00e9t\u00e9 ajout\u00e9 \u00e0 votre panier\">Ajouter au panier<\/a>\t<span id=\"woocommerce_loop_add_to_cart_link_describedby_2492\" class=\"screen-reader-text\">\n\t\t\t<\/span>\n<\/li>\n<li class=\"entry product type-product post-400 status-publish instock product_cat-uncategorized has-post-thumbnail shipping-taxable purchasable product-type-simple\">\n\t<a href=\"https:\/\/davidhirst.org\/fr\/shop\/les-orgues-de-la-collegiale-de-mantes-la-jolie\/\" class=\"woocommerce-LoopProduct-link woocommerce-loop-product__link\"><img loading=\"lazy\" decoding=\"async\" width=\"300\" height=\"300\" src=\"https:\/\/davidhirst.org\/wp-content\/uploads\/2019\/10\/cd-300x300.jpg\" class=\"attachment-woocommerce_thumbnail size-woocommerce_thumbnail\" alt=\"David Hirst CD - Les Orgues de la collegiale notre-dame de mantes-la-jolie\" srcset=\"https:\/\/davidhirst.org\/wp-content\/uploads\/2019\/10\/cd-300x300.jpg 300w, https:\/\/davidhirst.org\/wp-content\/uploads\/2019\/10\/cd-150x150.jpg 150w, https:\/\/davidhirst.org\/wp-content\/uploads\/2019\/10\/cd-100x100.jpg 100w\" sizes=\"auto, (max-width: 34.9rem) calc(100vw - 2rem), (max-width: 53rem) calc(8 * (100vw \/ 12)), (min-width: 53rem) calc(6 * (100vw \/ 12)), 100vw\" \/><h2 class=\"woocommerce-loop-product__title\">Les Orgues de la Coll\u00e9giale de Mantes-la-Jolie<\/h2>\n\t<span class=\"price\"><span class=\"woocommerce-Price-amount amount\"><bdi><span class=\"woocommerce-Price-currencySymbol\">&euro;<\/span>15.00<\/bdi><\/span><\/span>\n<\/a><a href=\"\/fr\/wp-json\/wp\/v2\/pages\/366?add-to-cart=400\" aria-describedby=\"woocommerce_loop_add_to_cart_link_describedby_400\" data-quantity=\"1\" class=\"button product_type_simple add_to_cart_button ajax_add_to_cart\" data-product_id=\"400\" data-product_sku=\"\" aria-label=\"Ajouter au panier\u00a0: &ldquo;Les Orgues de la Coll\u00e9giale de Mantes-la-Jolie&rdquo;\" rel=\"nofollow\" data-success_message=\"\u00ab\u00a0Les Orgues de la Coll\u00e9giale de Mantes-la-Jolie\u00a0\u00bb a \u00e9t\u00e9 ajout\u00e9 \u00e0 votre panier\">Ajouter au panier<\/a>\t<span id=\"woocommerce_loop_add_to_cart_link_describedby_400\" class=\"screen-reader-text\">\n\t\t\t<\/span>\n<\/li>\n<li class=\"entry product type-product post-2957 status-publish instock product_cat-uncategorized has-post-thumbnail shipping-taxable product-type-simple\">\n\t<a href=\"https:\/\/davidhirst.org\/fr\/shop\/requiem-for-choir-soloists-organ-by-hubert-haye-accompanied-by-david-hirst-on-the-cavaille-coll-organ-of-saint-germain-en-laye\/\" class=\"woocommerce-LoopProduct-link woocommerce-loop-product__link\"><img loading=\"lazy\" decoding=\"async\" width=\"300\" height=\"300\" src=\"https:\/\/davidhirst.org\/wp-content\/uploads\/2022\/12\/CD_RequiemHaye_Recto-300x300.png\" class=\"attachment-woocommerce_thumbnail size-woocommerce_thumbnail\" alt=\"Requiem for choir, soloists &amp; organ by Hubert Haye accompanied by David Hirst at Saint-Germain-en-Laye (Paris)\" srcset=\"https:\/\/davidhirst.org\/wp-content\/uploads\/2022\/12\/CD_RequiemHaye_Recto-300x300.png 300w, https:\/\/davidhirst.org\/wp-content\/uploads\/2022\/12\/CD_RequiemHaye_Recto-1024x1024.png 1024w, https:\/\/davidhirst.org\/wp-content\/uploads\/2022\/12\/CD_RequiemHaye_Recto-150x150.png 150w, https:\/\/davidhirst.org\/wp-content\/uploads\/2022\/12\/CD_RequiemHaye_Recto-768x768.png 768w, https:\/\/davidhirst.org\/wp-content\/uploads\/2022\/12\/CD_RequiemHaye_Recto-1536x1536.png 1536w, https:\/\/davidhirst.org\/wp-content\/uploads\/2022\/12\/CD_RequiemHaye_Recto-140x140.png 140w, https:\/\/davidhirst.org\/wp-content\/uploads\/2022\/12\/CD_RequiemHaye_Recto-600x600.png 600w, https:\/\/davidhirst.org\/wp-content\/uploads\/2022\/12\/CD_RequiemHaye_Recto-800x800.png 800w, https:\/\/davidhirst.org\/wp-content\/uploads\/2022\/12\/CD_RequiemHaye_Recto-461x461.png 461w, https:\/\/davidhirst.org\/wp-content\/uploads\/2022\/12\/CD_RequiemHaye_Recto-1500x1500.png 1500w, https:\/\/davidhirst.org\/wp-content\/uploads\/2022\/12\/CD_RequiemHaye_Recto-1568x1568.png 1568w, https:\/\/davidhirst.org\/wp-content\/uploads\/2022\/12\/CD_RequiemHaye_Recto-100x100.png 100w, https:\/\/davidhirst.org\/wp-content\/uploads\/2022\/12\/CD_RequiemHaye_Recto.png 1748w\" sizes=\"auto, (max-width: 34.9rem) calc(100vw - 2rem), (max-width: 53rem) calc(8 * (100vw \/ 12)), (min-width: 53rem) calc(6 * (100vw \/ 12)), 100vw\" \/><h2 class=\"woocommerce-loop-product__title\">Requiem for choir, soloists &#038; organ by Hubert Haye accompanied by David Hirst at Saint-Germain-en-Laye (Paris)<\/h2>\n<\/a><a href=\"https:\/\/davidhirst.org\/fr\/shop\/requiem-for-choir-soloists-organ-by-hubert-haye-accompanied-by-david-hirst-on-the-cavaille-coll-organ-of-saint-germain-en-laye\/\" aria-describedby=\"woocommerce_loop_add_to_cart_link_describedby_2957\" data-quantity=\"1\" class=\"button product_type_simple\" data-product_id=\"2957\" data-product_sku=\"\" aria-label=\"En savoir plus sur &ldquo;Requiem for choir, soloists &amp; organ by Hubert Haye accompanied by David Hirst at Saint-Germain-en-Laye (Paris)&rdquo;\" rel=\"nofollow\" data-success_message=\"\">Lire la suite<\/a>\t<span id=\"woocommerce_loop_add_to_cart_link_describedby_2957\" class=\"screen-reader-text\">\n\t\t\t<\/span>\n<\/li>\n<li class=\"entry product type-product post-2292 status-publish last outofstock product_cat-uncategorized has-post-thumbnail shipping-taxable product-type-simple\">\n\t<a href=\"https:\/\/davidhirst.org\/fr\/shop\/the-spirit-of-st-martins-choral-music-from-st-martin-in-the-fields\/\" class=\"woocommerce-LoopProduct-link woocommerce-loop-product__link\"><img loading=\"lazy\" decoding=\"async\" width=\"300\" height=\"300\" src=\"https:\/\/davidhirst.org\/wp-content\/uploads\/2020\/09\/Saint-Martin-in-the-Fields-CD-Jacket-1-300x300.jpg\" class=\"attachment-woocommerce_thumbnail size-woocommerce_thumbnail\" alt=\"Saint-Martin-in-the-Fields-CD-Jacket-1\" srcset=\"https:\/\/davidhirst.org\/wp-content\/uploads\/2020\/09\/Saint-Martin-in-the-Fields-CD-Jacket-1-300x300.jpg 300w, https:\/\/davidhirst.org\/wp-content\/uploads\/2020\/09\/Saint-Martin-in-the-Fields-CD-Jacket-1-150x150.jpg 150w, https:\/\/davidhirst.org\/wp-content\/uploads\/2020\/09\/Saint-Martin-in-the-Fields-CD-Jacket-1-100x100.jpg 100w\" sizes=\"auto, (max-width: 34.9rem) calc(100vw - 2rem), (max-width: 53rem) calc(8 * (100vw \/ 12)), (min-width: 53rem) calc(6 * (100vw \/ 12)), 100vw\" \/><h2 class=\"woocommerce-loop-product__title\">The Spirit of St Martin&rsquo;s (Choral music from St Martin-in-the-Fields, London)<\/h2>\n<\/a><a href=\"https:\/\/davidhirst.org\/fr\/shop\/the-spirit-of-st-martins-choral-music-from-st-martin-in-the-fields\/\" aria-describedby=\"woocommerce_loop_add_to_cart_link_describedby_2292\" data-quantity=\"1\" class=\"button product_type_simple\" data-product_id=\"2292\" data-product_sku=\"\" aria-label=\"En savoir plus sur &ldquo;The Spirit of St Martin&#039;s (Choral music from St Martin-in-the-Fields, London)&rdquo;\" rel=\"nofollow\" data-success_message=\"\">Lire la suite<\/a>\t<span id=\"woocommerce_loop_add_to_cart_link_describedby_2292\" class=\"screen-reader-text\">\n\t\t\t<\/span>\n<\/li>\n<li class=\"entry product type-product post-2283 status-publish first outofstock product_cat-uncategorized has-post-thumbnail shipping-taxable product-type-simple\">\n\t<a href=\"https:\/\/davidhirst.org\/fr\/shop\/welte-restored\/\" class=\"woocommerce-LoopProduct-link woocommerce-loop-product__link\"><img loading=\"lazy\" decoding=\"async\" width=\"300\" height=\"300\" src=\"https:\/\/davidhirst.org\/wp-content\/uploads\/2020\/09\/Welte-Organ-CD-Jacket-1-300x300.jpg\" class=\"attachment-woocommerce_thumbnail size-woocommerce_thumbnail\" alt=\"Welte-Organ-CD-Jacket-1\" srcset=\"https:\/\/davidhirst.org\/wp-content\/uploads\/2020\/09\/Welte-Organ-CD-Jacket-1-300x300.jpg 300w, https:\/\/davidhirst.org\/wp-content\/uploads\/2020\/09\/Welte-Organ-CD-Jacket-1-150x150.jpg 150w, https:\/\/davidhirst.org\/wp-content\/uploads\/2020\/09\/Welte-Organ-CD-Jacket-1-100x100.jpg 100w\" sizes=\"auto, (max-width: 34.9rem) calc(100vw - 2rem), (max-width: 53rem) calc(8 * (100vw \/ 12)), (min-width: 53rem) calc(6 * (100vw \/ 12)), 100vw\" \/><h2 class=\"woocommerce-loop-product__title\">Welte Restored<\/h2>\n<\/a><a href=\"https:\/\/davidhirst.org\/fr\/shop\/welte-restored\/\" aria-describedby=\"woocommerce_loop_add_to_cart_link_describedby_2283\" data-quantity=\"1\" class=\"button product_type_simple\" data-product_id=\"2283\" data-product_sku=\"\" aria-label=\"En savoir plus sur &ldquo;Welte Restored&rdquo;\" rel=\"nofollow\" data-success_message=\"\">Lire la suite<\/a>\t<span id=\"woocommerce_loop_add_to_cart_link_describedby_2283\" class=\"screen-reader-text\">\n\t\t\t<\/span>\n<\/li>\n<\/ul>\n<\/div>\n<h1>Live recordings &amp; videos<\/h1>\n","protected":false},"excerpt":{"rendered":"<p>Live recordings &amp; videos<\/p>\n","protected":false},"author":2,"featured_media":0,"parent":0,"menu_order":14,"comment_status":"closed","ping_status":"closed","template":"","meta":{"_monsterinsights_skip_tracking":false,"_monsterinsights_sitenote_active":false,"_monsterinsights_sitenote_note":"","_monsterinsights_sitenote_category":0,"footnotes":""},"class_list":["post-366","page","type-page","status-publish","hentry","entry"],"acf":[],"yoast_head":"<!-- This site is optimized with the Yoast SEO plugin v26.6 - https:\/\/yoast.com\/wordpress\/plugins\/seo\/ -->\n<title>Recordings &amp; Video - David Hirst Organist<\/title>\n<meta name=\"robots\" content=\"index, follow, max-snippet:-1, max-image-preview:large, max-video-preview:-1\" \/>\n<link rel=\"canonical\" href=\"https:\/\/davidhirst.org\/fr\/recordings\/\" \/>\n<meta property=\"og:locale\" content=\"fr_FR\" \/>\n<meta property=\"og:type\" content=\"article\" \/>\n<meta property=\"og:title\" content=\"Recordings &amp; Video - David Hirst Organist\" \/>\n<meta property=\"og:description\" content=\"Live recordings &amp; videos\" \/>\n<meta property=\"og:url\" content=\"https:\/\/davidhirst.org\/fr\/recordings\/\" \/>\n<meta property=\"og:site_name\" content=\"David Hirst Organist\" \/>\n<meta property=\"article:modified_time\" content=\"2025-07-13T20:14:39+00:00\" \/>\n<meta name=\"twitter:card\" content=\"summary_large_image\" \/>\n<meta name=\"twitter:label1\" content=\"Dur\u00e9e de lecture estim\u00e9e\" \/>\n\t<meta name=\"twitter:data1\" content=\"1 minute\" \/>\n<script type=\"application\/ld+json\" class=\"yoast-schema-graph\">{\"@context\":\"https:\/\/schema.org\",\"@graph\":[{\"@type\":\"WebPage\",\"@id\":\"https:\/\/davidhirst.org\/fr\/recordings\/\",\"url\":\"https:\/\/davidhirst.org\/fr\/recordings\/\",\"name\":\"Recordings & Video - David Hirst Organist\",\"isPartOf\":{\"@id\":\"https:\/\/davidhirst.org\/fr\/#website\"},\"datePublished\":\"2019-09-07T15:17:11+00:00\",\"dateModified\":\"2025-07-13T20:14:39+00:00\",\"breadcrumb\":{\"@id\":\"https:\/\/davidhirst.org\/fr\/recordings\/#breadcrumb\"},\"inLanguage\":\"fr-FR\",\"potentialAction\":[{\"@type\":\"ReadAction\",\"target\":[\"https:\/\/davidhirst.org\/fr\/recordings\/\"]}]},{\"@type\":\"BreadcrumbList\",\"@id\":\"https:\/\/davidhirst.org\/fr\/recordings\/#breadcrumb\",\"itemListElement\":[{\"@type\":\"ListItem\",\"position\":1,\"name\":\"Home\",\"item\":\"https:\/\/davidhirst.org\/fr\/homepage\/\"},{\"@type\":\"ListItem\",\"position\":2,\"name\":\"Recordings &#038; Video\"}]},{\"@type\":\"WebSite\",\"@id\":\"https:\/\/davidhirst.org\/fr\/#website\",\"url\":\"https:\/\/davidhirst.org\/fr\/\",\"name\":\"David Hirst Organist\",\"description\":\"\",\"potentialAction\":[{\"@type\":\"SearchAction\",\"target\":{\"@type\":\"EntryPoint\",\"urlTemplate\":\"https:\/\/davidhirst.org\/fr\/?s={search_term_string}\"},\"query-input\":{\"@type\":\"PropertyValueSpecification\",\"valueRequired\":true,\"valueName\":\"search_term_string\"}}],\"inLanguage\":\"fr-FR\"}]}<\/script>\n<!-- \/ Yoast SEO plugin. -->","yoast_head_json":{"title":"Recordings & Video - David Hirst Organist","robots":{"index":"index","follow":"follow","max-snippet":"max-snippet:-1","max-image-preview":"max-image-preview:large","max-video-preview":"max-video-preview:-1"},"canonical":"https:\/\/davidhirst.org\/fr\/recordings\/","og_locale":"fr_FR","og_type":"article","og_title":"Recordings & Video - David Hirst Organist","og_description":"Live recordings &amp; videos","og_url":"https:\/\/davidhirst.org\/fr\/recordings\/","og_site_name":"David Hirst Organist","article_modified_time":"2025-07-13T20:14:39+00:00","twitter_card":"summary_large_image","twitter_misc":{"Dur\u00e9e de lecture estim\u00e9e":"1 minute"},"schema":{"@context":"https:\/\/schema.org","@graph":[{"@type":"WebPage","@id":"https:\/\/davidhirst.org\/fr\/recordings\/","url":"https:\/\/davidhirst.org\/fr\/recordings\/","name":"Recordings & Video - David Hirst Organist","isPartOf":{"@id":"https:\/\/davidhirst.org\/fr\/#website"},"datePublished":"2019-09-07T15:17:11+00:00","dateModified":"2025-07-13T20:14:39+00:00","breadcrumb":{"@id":"https:\/\/davidhirst.org\/fr\/recordings\/#breadcrumb"},"inLanguage":"fr-FR","potentialAction":[{"@type":"ReadAction","target":["https:\/\/davidhirst.org\/fr\/recordings\/"]}]},{"@type":"BreadcrumbList","@id":"https:\/\/davidhirst.org\/fr\/recordings\/#breadcrumb","itemListElement":[{"@type":"ListItem","position":1,"name":"Home","item":"https:\/\/davidhirst.org\/fr\/homepage\/"},{"@type":"ListItem","position":2,"name":"Recordings &#038; Video"}]},{"@type":"WebSite","@id":"https:\/\/davidhirst.org\/fr\/#website","url":"https:\/\/davidhirst.org\/fr\/","name":"David Hirst Organist","description":"","potentialAction":[{"@type":"SearchAction","target":{"@type":"EntryPoint","urlTemplate":"https:\/\/davidhirst.org\/fr\/?s={search_term_string}"},"query-input":{"@type":"PropertyValueSpecification","valueRequired":true,"valueName":"search_term_string"}}],"inLanguage":"fr-FR"}]}},"_links":{"self":[{"href":"https:\/\/davidhirst.org\/fr\/wp-json\/wp\/v2\/pages\/366","targetHints":{"allow":["GET"]}}],"collection":[{"href":"https:\/\/davidhirst.org\/fr\/wp-json\/wp\/v2\/pages"}],"about":[{"href":"https:\/\/davidhirst.org\/fr\/wp-json\/wp\/v2\/types\/page"}],"author":[{"embeddable":true,"href":"https:\/\/davidhirst.org\/fr\/wp-json\/wp\/v2\/users\/2"}],"replies":[{"embeddable":true,"href":"https:\/\/davidhirst.org\/fr\/wp-json\/wp\/v2\/comments?post=366"}],"version-history":[{"count":57,"href":"https:\/\/davidhirst.org\/fr\/wp-json\/wp\/v2\/pages\/366\/revisions"}],"predecessor-version":[{"id":4205,"href":"https:\/\/davidhirst.org\/fr\/wp-json\/wp\/v2\/pages\/366\/revisions\/4205"}],"wp:attachment":[{"href":"https:\/\/davidhirst.org\/fr\/wp-json\/wp\/v2\/media?parent=366"}],"curies":[{"name":"wp","href":"https:\/\/api.w.org\/{rel}","templated":true}]}}