{"id":357,"date":"2019-09-07T15:16:51","date_gmt":"2019-09-07T15:16:51","guid":{"rendered":"https:\/\/davidhirst.org\/biography\/"},"modified":"2024-07-19T15:38:35","modified_gmt":"2024-07-19T15:38:35","slug":"biographie","status":"publish","type":"page","link":"https:\/\/davidhirst.org\/fr\/biographie\/","title":{"rendered":"Biographie"},"content":{"rendered":"<p><img loading=\"lazy\" decoding=\"async\" class=\"alignleft wp-image-992\" src=\"https:\/\/davidhirst.org\/wp-content\/uploads\/2020\/04\/David-Hirst-7-200x300.jpg\" alt=\"\" width=\"656\" height=\"985\" srcset=\"https:\/\/davidhirst.org\/wp-content\/uploads\/2020\/04\/David-Hirst-7-200x300.jpg 200w, https:\/\/davidhirst.org\/wp-content\/uploads\/2020\/04\/David-Hirst-7-683x1024.jpg 683w, https:\/\/davidhirst.org\/wp-content\/uploads\/2020\/04\/David-Hirst-7-768x1152.jpg 768w, https:\/\/davidhirst.org\/wp-content\/uploads\/2020\/04\/David-Hirst-7-1024x1536.jpg 1024w, https:\/\/davidhirst.org\/wp-content\/uploads\/2020\/04\/David-Hirst-7-93x140.jpg 93w, https:\/\/davidhirst.org\/wp-content\/uploads\/2020\/04\/David-Hirst-7-400x600.jpg 400w, https:\/\/davidhirst.org\/wp-content\/uploads\/2020\/04\/David-Hirst-7-533x800.jpg 533w, https:\/\/davidhirst.org\/wp-content\/uploads\/2020\/04\/David-Hirst-7-461x692.jpg 461w, https:\/\/davidhirst.org\/wp-content\/uploads\/2020\/04\/David-Hirst-7-1000x1500.jpg 1000w, https:\/\/davidhirst.org\/wp-content\/uploads\/2020\/04\/David-Hirst-7-600x900.jpg 600w, https:\/\/davidhirst.org\/wp-content\/uploads\/2020\/04\/David-Hirst-7.jpg 1200w\" sizes=\"auto, (max-width: 656px) 100vw, 656px\" \/><\/p>\n<p><strong>David Hirst<\/strong> est organiste titulaire de la coll\u00e9giale Notre-Dame et de l&rsquo;\u00e9glise Sainte-Anne de Gassicourt \u00e0 Mantes-la-Jolie. Il est \u00e9galement Directeur Artistique du Festival International d&rsquo;Orgue de Mantes. Concertiste, il se produit r\u00e9guli\u00e8rement en France et \u00e0 l&rsquo;\u00e9tranger.<\/p>\n<p>Natif de Haslemere au sud de Londres, David se passionne pour l\u2019orgue d\u00e8s son plus jeune \u00e2ge et commence sa formation musicale par le piano, puis l\u2019orgue, le violon et le trombone. D\u00e8s l&rsquo;\u00e2ge de huit ans, il est choriste \u00e0 la cath\u00e9drale de Chichester o\u00f9 il chante huit offices par semaine et participe \u00e0 de nombreux concerts, enregistrements et \u00e9missions.<\/p>\n<p>\u00c0 l\u2019\u00e2ge de 18 ans, David est nomm\u00e9 <em>Organ Scholar<\/em> \u00e0 l&rsquo;Universit\u00e9 de Cambridge. Il y joue pour les offices et concerts de la chapelle, dirige les ch\u0153urs et l&rsquo;orchestre, et organise des concerts hebdomadaires. Il dirige \u00e9galement le ch\u0153ur de la chapelle \u00e0 l&rsquo;occasion de deux tourn\u00e9es en France.<\/p>\n<p>Pendant ses trois ann\u00e9es \u00e0 Cambridge, il compl\u00e8te ses \u00e9tudes avec un Master en musicologie, et \u00e9tudie l&rsquo;orgue avec Nicolas Kynaston. Il approfondit ensuite ses \u00e9tudes d\u2019orgue aupr\u00e8s de Thomas Trotter, puis de Lionel Rogg \u00e0 la Royal Academy of Music de Londres. Il y obtient son dipl\u00f4me de troisi\u00e8me cycle en interpr\u00e9tation avec mention d\u2019excellence.<\/p>\n<p>En 2002, David est nomm\u00e9 organiste de Saint-Martin-in-the-Fields, l\u2019\u00e9glise royale de Londres. Il y accompagne les cinq offices chant\u00e9s chaque semaine, ainsi que les c\u00e9r\u00e9monies royales et celles de diverses c\u00e9l\u00e9brit\u00e9s. Il donne \u00e9galement des concerts et r\u00e9alise r\u00e9guli\u00e8rement des enregistrements et des \u00e9missions pour la BBC.<\/p>\n<p>Une fois install\u00e9 en France, David est nomm\u00e9 organiste titulaire de Saint-Germain du Chesnay, pr\u00e8s de Versailles, avant d&rsquo;\u00eatre nomm\u00e9 \u00e0 Mantes-la-Jolie en 2016. En tant que concertiste, il se produit \u00e0 travers le monde et participe \u00e0 de nombreux festivals internationaux. Il a r\u00e9cemment jou\u00e9 \u00e0 la cath\u00e9drale de Chartres, de Bourges et d&rsquo;Anvers, \u00e0 la Laurenskerk de Rotterdam, \u00e0 l&rsquo;abbaye de Westminster et dans d&rsquo;autres centres musicaux au Royaume-Uni, en Allemagne et en Suisse.<\/p>\n<p>D\u00e9but 2024, il a le plaisir d&rsquo;interpr\u00e9ter de la musique d&rsquo;orgue fran\u00e7aise aux \u00c9tats-Unis lors d&rsquo;une tourn\u00e9e \u00e0 San Francisco, Washington DC et New York, ainsi que dans le Maine et le New Jersey. Il s&rsquo;est produit dans plusieurs lieux prestigieux, dont la cath\u00e9drale Saint-Patrick de New York et le Boardwalk Hall d&rsquo;Atlantic City o\u00f9 il a jou\u00e9 sur le plus grand instrument de musique au monde, l&rsquo;orgue \u00e0 7 claviers et 337 jeux de Midmer-Losh.<\/p>\n<p>David a r\u00e9alis\u00e9 de nombreux enregistrements, notamment la premi\u00e8re du <em>Requiem<\/em> de Hubert Haye, successeur de Marie-Claire Alain, \u00e0 l&rsquo;\u00e9glise de Saint-Germain-en-Laye. Il a \u00e9galement enregistr\u00e9 les tous premiers CD de l&rsquo;orgue historique Merklin et du nouvel orgue Cogez de Mantes-la-Jolie. Salu\u00e9 par la critique, le dernier disque a \u00e9t\u00e9 publi\u00e9 par le label Priory en 2022 <em>(&lsquo;&#8230;Ces interpr\u00e9tations sont sublimes&#8230;&rsquo;,<\/em> <em>Organists&rsquo; Review)<\/em>.<\/p>\n<p><span style=\"vertical-align: inherit;\"><span style=\"vertical-align: inherit;\"><span style=\"vertical-align: inherit;\"><span style=\"vertical-align: inherit;\"><span style=\"vertical-align: inherit;\"><span style=\"vertical-align: inherit;\"><strong>T\u00e9l\u00e9charger cette courte biographie<\/strong>\u00a0\u00a0 \u00a0&#8211; <\/span><\/span><\/span><\/span><\/span><\/span>\u00a0<a href=\"https:\/\/davidhirst.org\/wp-content\/uploads\/2024\/07\/David-Hirst-Biographie-francaise-courte-20240719.docx\" target=\"_blank\" rel=\"noopener noreferrer\"><span style=\"vertical-align: inherit;\"><span style=\"vertical-align: inherit;\"><span style=\"vertical-align: inherit;\"><span style=\"vertical-align: inherit;\"><span style=\"vertical-align: inherit;\"><span style=\"vertical-align: inherit;\">Word<\/span><\/span><\/span><\/span><\/span><\/span><\/a><span style=\"vertical-align: inherit;\"><span style=\"vertical-align: inherit;\"><span style=\"vertical-align: inherit;\"><span style=\"vertical-align: inherit;\"><span style=\"vertical-align: inherit;\"><span style=\"vertical-align: inherit;\"> \u00a0 | <\/span><\/span><\/span><\/span><\/span><\/span>\u00a0<a href=\"https:\/\/davidhirst.org\/wp-content\/uploads\/2024\/07\/David-Hirst-Biographie-francaise-courte-20240719.pdf\" target=\"_blank\" rel=\"noopener noreferrer\"><span style=\"vertical-align: inherit;\"><span style=\"vertical-align: inherit;\"><span style=\"vertical-align: inherit;\"><span style=\"vertical-align: inherit;\"><span style=\"vertical-align: inherit;\"><span style=\"vertical-align: inherit;\">PDF<\/span><\/span><\/span><\/span><\/span><\/span><\/a><\/p>\n<p><span style=\"vertical-align: inherit;\"><span style=\"vertical-align: inherit;\"><span style=\"vertical-align: inherit;\"><span style=\"vertical-align: inherit;\"><span style=\"vertical-align: inherit;\"><span style=\"vertical-align: inherit;\"><strong>T\u00e9l\u00e9charger une longue biographie<\/strong> \u00a0&#8211;\u00a0 <\/span><\/span><\/span><\/span><\/span><\/span><a href=\"https:\/\/davidhirst.org\/wp-content\/uploads\/2022\/10\/David-Hirst-Biographie-Francaise-longue-673-mots-V3-20221019.doc\" target=\"_blank\" rel=\"noopener noreferrer\"><span style=\"vertical-align: inherit;\"><span style=\"vertical-align: inherit;\"><span style=\"vertical-align: inherit;\"><span style=\"vertical-align: inherit;\"><span style=\"vertical-align: inherit;\"><span style=\"vertical-align: inherit;\">Word<\/span><\/span><\/span><\/span><\/span><\/span><\/a>\u00a0<span style=\"vertical-align: inherit;\"><span style=\"vertical-align: inherit;\"><span style=\"vertical-align: inherit;\"><span style=\"vertical-align: inherit;\"><span style=\"vertical-align: inherit;\"><span style=\"vertical-align: inherit;\"> | <\/span><\/span><\/span><\/span><\/span><\/span>\u00a0<a href=\"https:\/\/davidhirst.org\/wp-content\/uploads\/2022\/10\/David-Hirst-Biographie-Francaise-longue-673-mots-V3-20221019.pdf\" target=\"_blank\" rel=\"noopener noreferrer\"><span style=\"vertical-align: inherit;\"><span style=\"vertical-align: inherit;\"><span style=\"vertical-align: inherit;\"><span style=\"vertical-align: inherit;\"><span style=\"vertical-align: inherit;\"><span style=\"vertical-align: inherit;\">PDF<\/span><\/span><\/span><\/span><\/span><\/span><\/a><\/p>\n<p>&nbsp;<\/p>\n","protected":false},"excerpt":{"rendered":"<p>David Hirst est organiste titulaire de la coll\u00e9giale Notre-Dame et de l&rsquo;\u00e9glise Sainte-Anne de Gassicourt \u00e0 Mantes-la-Jolie. Il est \u00e9galement Directeur Artistique du Festival International d&rsquo;Orgue de Mantes. Concertiste, il se produit r\u00e9guli\u00e8rement en France et \u00e0 l&rsquo;\u00e9tranger. Natif de Haslemere au sud de Londres, David se passionne pour l\u2019orgue d\u00e8s son plus jeune \u00e2ge [&hellip;]<\/p>\n","protected":false},"author":2,"featured_media":0,"parent":0,"menu_order":10,"comment_status":"closed","ping_status":"closed","template":"","meta":{"_monsterinsights_skip_tracking":false,"_monsterinsights_sitenote_active":false,"_monsterinsights_sitenote_note":"","_monsterinsights_sitenote_category":0,"footnotes":""},"class_list":["post-357","page","type-page","status-publish","hentry","entry"],"acf":[],"yoast_head":"<!-- This site is optimized with the Yoast SEO plugin v26.6 - https:\/\/yoast.com\/wordpress\/plugins\/seo\/ -->\n<title>Biographie - David Hirst Organist<\/title>\n<meta name=\"robots\" content=\"index, follow, max-snippet:-1, max-image-preview:large, max-video-preview:-1\" \/>\n<link rel=\"canonical\" href=\"https:\/\/davidhirst.org\/fr\/biographie\/\" \/>\n<meta property=\"og:locale\" content=\"fr_FR\" \/>\n<meta property=\"og:type\" content=\"article\" \/>\n<meta property=\"og:title\" content=\"Biographie - David Hirst Organist\" \/>\n<meta property=\"og:description\" content=\"David Hirst est organiste titulaire de la coll\u00e9giale Notre-Dame et de l&rsquo;\u00e9glise Sainte-Anne de Gassicourt \u00e0 Mantes-la-Jolie. Il est \u00e9galement Directeur Artistique du Festival International d&rsquo;Orgue de Mantes. Concertiste, il se produit r\u00e9guli\u00e8rement en France et \u00e0 l&rsquo;\u00e9tranger. Natif de Haslemere au sud de Londres, David se passionne pour l\u2019orgue d\u00e8s son plus jeune \u00e2ge [&hellip;]\" \/>\n<meta property=\"og:url\" content=\"https:\/\/davidhirst.org\/fr\/biographie\/\" \/>\n<meta property=\"og:site_name\" content=\"David Hirst Organist\" \/>\n<meta property=\"article:modified_time\" content=\"2024-07-19T15:38:35+00:00\" \/>\n<meta property=\"og:image\" content=\"https:\/\/davidhirst.org\/wp-content\/uploads\/2020\/04\/David-Hirst-7-200x300.jpg\" \/>\n<meta name=\"twitter:card\" content=\"summary_large_image\" \/>\n<meta name=\"twitter:label1\" content=\"Dur\u00e9e de lecture estim\u00e9e\" \/>\n\t<meta name=\"twitter:data1\" content=\"3 minutes\" \/>\n<script type=\"application\/ld+json\" class=\"yoast-schema-graph\">{\"@context\":\"https:\/\/schema.org\",\"@graph\":[{\"@type\":\"WebPage\",\"@id\":\"https:\/\/davidhirst.org\/fr\/biographie\/\",\"url\":\"https:\/\/davidhirst.org\/fr\/biographie\/\",\"name\":\"Biographie - David Hirst Organist\",\"isPartOf\":{\"@id\":\"https:\/\/davidhirst.org\/fr\/#website\"},\"primaryImageOfPage\":{\"@id\":\"https:\/\/davidhirst.org\/fr\/biographie\/#primaryimage\"},\"image\":{\"@id\":\"https:\/\/davidhirst.org\/fr\/biographie\/#primaryimage\"},\"thumbnailUrl\":\"https:\/\/davidhirst.org\/wp-content\/uploads\/2020\/04\/David-Hirst-7-200x300.jpg\",\"datePublished\":\"2019-09-07T15:16:51+00:00\",\"dateModified\":\"2024-07-19T15:38:35+00:00\",\"breadcrumb\":{\"@id\":\"https:\/\/davidhirst.org\/fr\/biographie\/#breadcrumb\"},\"inLanguage\":\"fr-FR\",\"potentialAction\":[{\"@type\":\"ReadAction\",\"target\":[\"https:\/\/davidhirst.org\/fr\/biographie\/\"]}]},{\"@type\":\"ImageObject\",\"inLanguage\":\"fr-FR\",\"@id\":\"https:\/\/davidhirst.org\/fr\/biographie\/#primaryimage\",\"url\":\"https:\/\/davidhirst.org\/wp-content\/uploads\/2020\/04\/David-Hirst-7-200x300.jpg\",\"contentUrl\":\"https:\/\/davidhirst.org\/wp-content\/uploads\/2020\/04\/David-Hirst-7-200x300.jpg\"},{\"@type\":\"BreadcrumbList\",\"@id\":\"https:\/\/davidhirst.org\/fr\/biographie\/#breadcrumb\",\"itemListElement\":[{\"@type\":\"ListItem\",\"position\":1,\"name\":\"Home\",\"item\":\"https:\/\/davidhirst.org\/fr\/homepage\/\"},{\"@type\":\"ListItem\",\"position\":2,\"name\":\"Biographie\"}]},{\"@type\":\"WebSite\",\"@id\":\"https:\/\/davidhirst.org\/fr\/#website\",\"url\":\"https:\/\/davidhirst.org\/fr\/\",\"name\":\"David Hirst Organist\",\"description\":\"\",\"potentialAction\":[{\"@type\":\"SearchAction\",\"target\":{\"@type\":\"EntryPoint\",\"urlTemplate\":\"https:\/\/davidhirst.org\/fr\/?s={search_term_string}\"},\"query-input\":{\"@type\":\"PropertyValueSpecification\",\"valueRequired\":true,\"valueName\":\"search_term_string\"}}],\"inLanguage\":\"fr-FR\"}]}<\/script>\n<!-- \/ Yoast SEO plugin. -->","yoast_head_json":{"title":"Biographie - David Hirst Organist","robots":{"index":"index","follow":"follow","max-snippet":"max-snippet:-1","max-image-preview":"max-image-preview:large","max-video-preview":"max-video-preview:-1"},"canonical":"https:\/\/davidhirst.org\/fr\/biographie\/","og_locale":"fr_FR","og_type":"article","og_title":"Biographie - David Hirst Organist","og_description":"David Hirst est organiste titulaire de la coll\u00e9giale Notre-Dame et de l&rsquo;\u00e9glise Sainte-Anne de Gassicourt \u00e0 Mantes-la-Jolie. Il est \u00e9galement Directeur Artistique du Festival International d&rsquo;Orgue de Mantes. Concertiste, il se produit r\u00e9guli\u00e8rement en France et \u00e0 l&rsquo;\u00e9tranger. Natif de Haslemere au sud de Londres, David se passionne pour l\u2019orgue d\u00e8s son plus jeune \u00e2ge [&hellip;]","og_url":"https:\/\/davidhirst.org\/fr\/biographie\/","og_site_name":"David Hirst Organist","article_modified_time":"2024-07-19T15:38:35+00:00","og_image":[{"url":"https:\/\/davidhirst.org\/wp-content\/uploads\/2020\/04\/David-Hirst-7-200x300.jpg","type":"","width":"","height":""}],"twitter_card":"summary_large_image","twitter_misc":{"Dur\u00e9e de lecture estim\u00e9e":"3 minutes"},"schema":{"@context":"https:\/\/schema.org","@graph":[{"@type":"WebPage","@id":"https:\/\/davidhirst.org\/fr\/biographie\/","url":"https:\/\/davidhirst.org\/fr\/biographie\/","name":"Biographie - David Hirst Organist","isPartOf":{"@id":"https:\/\/davidhirst.org\/fr\/#website"},"primaryImageOfPage":{"@id":"https:\/\/davidhirst.org\/fr\/biographie\/#primaryimage"},"image":{"@id":"https:\/\/davidhirst.org\/fr\/biographie\/#primaryimage"},"thumbnailUrl":"https:\/\/davidhirst.org\/wp-content\/uploads\/2020\/04\/David-Hirst-7-200x300.jpg","datePublished":"2019-09-07T15:16:51+00:00","dateModified":"2024-07-19T15:38:35+00:00","breadcrumb":{"@id":"https:\/\/davidhirst.org\/fr\/biographie\/#breadcrumb"},"inLanguage":"fr-FR","potentialAction":[{"@type":"ReadAction","target":["https:\/\/davidhirst.org\/fr\/biographie\/"]}]},{"@type":"ImageObject","inLanguage":"fr-FR","@id":"https:\/\/davidhirst.org\/fr\/biographie\/#primaryimage","url":"https:\/\/davidhirst.org\/wp-content\/uploads\/2020\/04\/David-Hirst-7-200x300.jpg","contentUrl":"https:\/\/davidhirst.org\/wp-content\/uploads\/2020\/04\/David-Hirst-7-200x300.jpg"},{"@type":"BreadcrumbList","@id":"https:\/\/davidhirst.org\/fr\/biographie\/#breadcrumb","itemListElement":[{"@type":"ListItem","position":1,"name":"Home","item":"https:\/\/davidhirst.org\/fr\/homepage\/"},{"@type":"ListItem","position":2,"name":"Biographie"}]},{"@type":"WebSite","@id":"https:\/\/davidhirst.org\/fr\/#website","url":"https:\/\/davidhirst.org\/fr\/","name":"David Hirst Organist","description":"","potentialAction":[{"@type":"SearchAction","target":{"@type":"EntryPoint","urlTemplate":"https:\/\/davidhirst.org\/fr\/?s={search_term_string}"},"query-input":{"@type":"PropertyValueSpecification","valueRequired":true,"valueName":"search_term_string"}}],"inLanguage":"fr-FR"}]}},"_links":{"self":[{"href":"https:\/\/davidhirst.org\/fr\/wp-json\/wp\/v2\/pages\/357","targetHints":{"allow":["GET"]}}],"collection":[{"href":"https:\/\/davidhirst.org\/fr\/wp-json\/wp\/v2\/pages"}],"about":[{"href":"https:\/\/davidhirst.org\/fr\/wp-json\/wp\/v2\/types\/page"}],"author":[{"embeddable":true,"href":"https:\/\/davidhirst.org\/fr\/wp-json\/wp\/v2\/users\/2"}],"replies":[{"embeddable":true,"href":"https:\/\/davidhirst.org\/fr\/wp-json\/wp\/v2\/comments?post=357"}],"version-history":[{"count":30,"href":"https:\/\/davidhirst.org\/fr\/wp-json\/wp\/v2\/pages\/357\/revisions"}],"predecessor-version":[{"id":3746,"href":"https:\/\/davidhirst.org\/fr\/wp-json\/wp\/v2\/pages\/357\/revisions\/3746"}],"wp:attachment":[{"href":"https:\/\/davidhirst.org\/fr\/wp-json\/wp\/v2\/media?parent=357"}],"curies":[{"name":"wp","href":"https:\/\/api.w.org\/{rel}","templated":true}]}}