{"id":692,"date":"2019-09-07T15:16:51","date_gmt":"2019-09-07T15:16:51","guid":{"rendered":"https:\/\/davidhirst.org\/biography\/"},"modified":"2025-04-12T10:35:59","modified_gmt":"2025-04-12T10:35:59","slug":"biografie","status":"publish","type":"page","link":"https:\/\/davidhirst.org\/de\/biografie\/","title":{"rendered":"Biografie"},"content":{"rendered":"<p><img loading=\"lazy\" decoding=\"async\" class=\"alignleft wp-image-993\" src=\"https:\/\/davidhirst.org\/wp-content\/uploads\/2020\/04\/David-Hirst-7-200x300.jpg\" alt=\"\" width=\"560\" height=\"840\" srcset=\"https:\/\/davidhirst.org\/wp-content\/uploads\/2020\/04\/David-Hirst-7-200x300.jpg 200w, https:\/\/davidhirst.org\/wp-content\/uploads\/2020\/04\/David-Hirst-7-683x1024.jpg 683w, https:\/\/davidhirst.org\/wp-content\/uploads\/2020\/04\/David-Hirst-7-768x1152.jpg 768w, https:\/\/davidhirst.org\/wp-content\/uploads\/2020\/04\/David-Hirst-7-1024x1536.jpg 1024w, https:\/\/davidhirst.org\/wp-content\/uploads\/2020\/04\/David-Hirst-7-93x140.jpg 93w, https:\/\/davidhirst.org\/wp-content\/uploads\/2020\/04\/David-Hirst-7-400x600.jpg 400w, https:\/\/davidhirst.org\/wp-content\/uploads\/2020\/04\/David-Hirst-7-533x800.jpg 533w, https:\/\/davidhirst.org\/wp-content\/uploads\/2020\/04\/David-Hirst-7-461x692.jpg 461w, https:\/\/davidhirst.org\/wp-content\/uploads\/2020\/04\/David-Hirst-7-1000x1500.jpg 1000w, https:\/\/davidhirst.org\/wp-content\/uploads\/2020\/04\/David-Hirst-7-600x900.jpg 600w, https:\/\/davidhirst.org\/wp-content\/uploads\/2020\/04\/David-Hirst-7.jpg 1200w\" sizes=\"auto, (max-width: 560px) 100vw, 560px\" \/><\/p>\n<p><strong>David Hirst<\/strong> ist einer der wenigen britischen Organisten, die sich in der franz\u00f6sischen Orgelwelt etabliert haben.\u00a0 Er lebt in der N\u00e4he von Paris und ist Titularorganist der Stiftskirche aus dem 12. Jahrhundert in Mantes-la-Jolie. Dort betreut er die drei Orgeln dieses pr\u00e4chtigen Bauwerks und ist zudem K\u00fcnstlerischer Leiter des Internationalen Orgelfestivals.<\/p>\n<p>Als Konzertorganist tritt David regelm\u00e4\u00dfig bei internationalen Festivals auf. \u00a0Zu seinen j\u00fcngsten Auftritten in ganz Europa z\u00e4hlen Konzerte in der Westminster Abbey, der Kathedrale von Chartres, der Liebfrauenkathedrale in Antwerpen, der Laurenskerk in Rotterdam und der Konstantinbasilika in Trier.<\/p>\n<p>Anfang 2024 tourte er durch die USA und spielte unter anderem in San Francisco, New York, Washington D.C., Maine und New Jersey. \u00a0Zu den wichtigsten Spielst\u00e4tten geh\u00f6rten die St. Patrick\u2019s Cathedral in New York und die Boardwalk Hall in Atlantic City, wo er auf dem gr\u00f6\u00dften Musikinstrument der Welt spielte \u2013 der siebenmanualigen Orgel mit 337 Registern von Midmer-Losh.<\/p>\n<p>David besitzt einen Master-Abschluss in Musik von der Universit\u00e4t Cambridge sowie ein Postgraduierten-Diplom mit Auszeichnung von der Royal Academy of Music in London, wo er Orgel bei Lionel Rogg studierte. \u00a0Zudem erhielt er Unterricht bei Nicolas Kynaston und Thomas Trotter.<\/p>\n<p>Fr\u00fchere Organistenstellen f\u00fchrten ihn unter anderem an das Emmanuel College in Cambridge, die Kirche St-Germain du Chesnay in Versailles und St Martin-in-the-Fields, die k\u00f6nigliche Pfarrkirche Londons. \u00a0In St Martin spielte er f\u00fcr prominente und k\u00f6nigliche Anl\u00e4sse, Konzerte und Aufnahmen sowie f\u00fcr 30 BBC-Rundfunk\u00fcbertragungen innerhalb von f\u00fcnf Jahren.<\/p>\n<p>David Hirsts Diskografie umfasst die ersten jemals aufgenommenen CDs der gro\u00dfen Orgel von Joseph Merklin (1897) in Mantes-la-Jolie. \u00a0Sein j\u00fcngstes Album erschien 2022 beim Label Priory und wurde von der Kritik hoch gelobt (\u201eDiese stilvollen Interpretationen sind einfach au\u00dfergew\u00f6hnlich\u201c&#8230; Organists&#8216; Review).<\/p>\n<hr \/>\n<p><strong>Laden Sie diese kurze Biografie herunter<\/strong>\u00a0 &#8211; \u00a0<a href=\"https:\/\/davidhirst.org\/wp-content\/uploads\/2025\/04\/David-Hirst-Biografie-Deutsch-kurz-282-Worter.docx\" target=\"_blank\" rel=\"noopener noreferrer\">Word<\/a>\u00a0 | \u00a0<a href=\"https:\/\/davidhirst.org\/wp-content\/uploads\/2025\/04\/David-Hirst-Biografie-Deutsch-kurz-282-Worter.pdf\" target=\"_blank\" rel=\"noopener noreferrer\">PDF<\/a><\/p>\n<p><strong>Laden Sie eine lange Biografie herunter<\/strong>\u00a0 &#8211; \u00a0<a href=\"https:\/\/davidhirst.org\/wp-content\/uploads\/2020\/03\/David-Hirst-Biografie-Deutsch-lange-332-W\u00eerter.docx\" target=\"_blank\" rel=\"noopener noreferrer\">Word<\/a>\u00a0 | \u00a0<a href=\"https:\/\/davidhirst.org\/wp-content\/uploads\/2020\/03\/David-Hirst-Biografie-Deutsch-lange-332-W\u00eerter.pdf\" target=\"_blank\" rel=\"noopener noreferrer\">PDF<\/a><\/p>\n","protected":false},"excerpt":{"rendered":"<p>David Hirst ist einer der wenigen britischen Organisten, die sich in der franz\u00f6sischen Orgelwelt etabliert haben.\u00a0 Er lebt in der N\u00e4he von Paris und ist Titularorganist der Stiftskirche aus dem 12. Jahrhundert in Mantes-la-Jolie. Dort betreut er die drei Orgeln dieses pr\u00e4chtigen Bauwerks und ist zudem K\u00fcnstlerischer Leiter des Internationalen Orgelfestivals. Als Konzertorganist tritt David [&hellip;]<\/p>\n","protected":false},"author":2,"featured_media":0,"parent":0,"menu_order":10,"comment_status":"closed","ping_status":"closed","template":"","meta":{"_monsterinsights_skip_tracking":false,"_monsterinsights_sitenote_active":false,"_monsterinsights_sitenote_note":"","_monsterinsights_sitenote_category":0,"footnotes":""},"class_list":["post-692","page","type-page","status-publish","hentry","entry"],"acf":[],"yoast_head":"<!-- This site is optimized with the Yoast SEO plugin v26.6 - https:\/\/yoast.com\/wordpress\/plugins\/seo\/ -->\n<title>Biografie - David Hirst Organist<\/title>\n<meta name=\"robots\" content=\"index, follow, max-snippet:-1, max-image-preview:large, max-video-preview:-1\" \/>\n<link rel=\"canonical\" href=\"https:\/\/davidhirst.org\/de\/biografie\/\" \/>\n<meta property=\"og:locale\" content=\"de_DE\" \/>\n<meta property=\"og:type\" content=\"article\" \/>\n<meta property=\"og:title\" content=\"Biografie - David Hirst Organist\" \/>\n<meta property=\"og:description\" content=\"David Hirst ist einer der wenigen britischen Organisten, die sich in der franz\u00f6sischen Orgelwelt etabliert haben.\u00a0 Er lebt in der N\u00e4he von Paris und ist Titularorganist der Stiftskirche aus dem 12. Jahrhundert in Mantes-la-Jolie. Dort betreut er die drei Orgeln dieses pr\u00e4chtigen Bauwerks und ist zudem K\u00fcnstlerischer Leiter des Internationalen Orgelfestivals. Als Konzertorganist tritt David [&hellip;]\" \/>\n<meta property=\"og:url\" content=\"https:\/\/davidhirst.org\/de\/biografie\/\" \/>\n<meta property=\"og:site_name\" content=\"David Hirst Organist\" \/>\n<meta property=\"article:modified_time\" content=\"2025-04-12T10:35:59+00:00\" \/>\n<meta property=\"og:image\" content=\"https:\/\/davidhirst.org\/wp-content\/uploads\/2020\/04\/David-Hirst-7-200x300.jpg\" \/>\n<meta name=\"twitter:card\" content=\"summary_large_image\" \/>\n<meta name=\"twitter:label1\" content=\"Gesch\u00e4tzte Lesezeit\" \/>\n\t<meta name=\"twitter:data1\" content=\"2\u00a0Minuten\" \/>\n<script type=\"application\/ld+json\" class=\"yoast-schema-graph\">{\"@context\":\"https:\/\/schema.org\",\"@graph\":[{\"@type\":\"WebPage\",\"@id\":\"https:\/\/davidhirst.org\/de\/biografie\/\",\"url\":\"https:\/\/davidhirst.org\/de\/biografie\/\",\"name\":\"Biografie - David Hirst Organist\",\"isPartOf\":{\"@id\":\"https:\/\/davidhirst.org\/de\/#website\"},\"primaryImageOfPage\":{\"@id\":\"https:\/\/davidhirst.org\/de\/biografie\/#primaryimage\"},\"image\":{\"@id\":\"https:\/\/davidhirst.org\/de\/biografie\/#primaryimage\"},\"thumbnailUrl\":\"https:\/\/davidhirst.org\/wp-content\/uploads\/2020\/04\/David-Hirst-7-200x300.jpg\",\"datePublished\":\"2019-09-07T15:16:51+00:00\",\"dateModified\":\"2025-04-12T10:35:59+00:00\",\"breadcrumb\":{\"@id\":\"https:\/\/davidhirst.org\/de\/biografie\/#breadcrumb\"},\"inLanguage\":\"de\",\"potentialAction\":[{\"@type\":\"ReadAction\",\"target\":[\"https:\/\/davidhirst.org\/de\/biografie\/\"]}]},{\"@type\":\"ImageObject\",\"inLanguage\":\"de\",\"@id\":\"https:\/\/davidhirst.org\/de\/biografie\/#primaryimage\",\"url\":\"https:\/\/davidhirst.org\/wp-content\/uploads\/2020\/04\/David-Hirst-7-200x300.jpg\",\"contentUrl\":\"https:\/\/davidhirst.org\/wp-content\/uploads\/2020\/04\/David-Hirst-7-200x300.jpg\"},{\"@type\":\"BreadcrumbList\",\"@id\":\"https:\/\/davidhirst.org\/de\/biografie\/#breadcrumb\",\"itemListElement\":[{\"@type\":\"ListItem\",\"position\":1,\"name\":\"Home\",\"item\":\"https:\/\/davidhirst.org\/de\/\"},{\"@type\":\"ListItem\",\"position\":2,\"name\":\"Biografie\"}]},{\"@type\":\"WebSite\",\"@id\":\"https:\/\/davidhirst.org\/de\/#website\",\"url\":\"https:\/\/davidhirst.org\/de\/\",\"name\":\"David Hirst Organist\",\"description\":\"\",\"potentialAction\":[{\"@type\":\"SearchAction\",\"target\":{\"@type\":\"EntryPoint\",\"urlTemplate\":\"https:\/\/davidhirst.org\/de\/?s={search_term_string}\"},\"query-input\":{\"@type\":\"PropertyValueSpecification\",\"valueRequired\":true,\"valueName\":\"search_term_string\"}}],\"inLanguage\":\"de\"}]}<\/script>\n<!-- \/ Yoast SEO plugin. -->","yoast_head_json":{"title":"Biografie - David Hirst Organist","robots":{"index":"index","follow":"follow","max-snippet":"max-snippet:-1","max-image-preview":"max-image-preview:large","max-video-preview":"max-video-preview:-1"},"canonical":"https:\/\/davidhirst.org\/de\/biografie\/","og_locale":"de_DE","og_type":"article","og_title":"Biografie - David Hirst Organist","og_description":"David Hirst ist einer der wenigen britischen Organisten, die sich in der franz\u00f6sischen Orgelwelt etabliert haben.\u00a0 Er lebt in der N\u00e4he von Paris und ist Titularorganist der Stiftskirche aus dem 12. Jahrhundert in Mantes-la-Jolie. Dort betreut er die drei Orgeln dieses pr\u00e4chtigen Bauwerks und ist zudem K\u00fcnstlerischer Leiter des Internationalen Orgelfestivals. Als Konzertorganist tritt David [&hellip;]","og_url":"https:\/\/davidhirst.org\/de\/biografie\/","og_site_name":"David Hirst Organist","article_modified_time":"2025-04-12T10:35:59+00:00","og_image":[{"url":"https:\/\/davidhirst.org\/wp-content\/uploads\/2020\/04\/David-Hirst-7-200x300.jpg","type":"","width":"","height":""}],"twitter_card":"summary_large_image","twitter_misc":{"Gesch\u00e4tzte Lesezeit":"2\u00a0Minuten"},"schema":{"@context":"https:\/\/schema.org","@graph":[{"@type":"WebPage","@id":"https:\/\/davidhirst.org\/de\/biografie\/","url":"https:\/\/davidhirst.org\/de\/biografie\/","name":"Biografie - David Hirst Organist","isPartOf":{"@id":"https:\/\/davidhirst.org\/de\/#website"},"primaryImageOfPage":{"@id":"https:\/\/davidhirst.org\/de\/biografie\/#primaryimage"},"image":{"@id":"https:\/\/davidhirst.org\/de\/biografie\/#primaryimage"},"thumbnailUrl":"https:\/\/davidhirst.org\/wp-content\/uploads\/2020\/04\/David-Hirst-7-200x300.jpg","datePublished":"2019-09-07T15:16:51+00:00","dateModified":"2025-04-12T10:35:59+00:00","breadcrumb":{"@id":"https:\/\/davidhirst.org\/de\/biografie\/#breadcrumb"},"inLanguage":"de","potentialAction":[{"@type":"ReadAction","target":["https:\/\/davidhirst.org\/de\/biografie\/"]}]},{"@type":"ImageObject","inLanguage":"de","@id":"https:\/\/davidhirst.org\/de\/biografie\/#primaryimage","url":"https:\/\/davidhirst.org\/wp-content\/uploads\/2020\/04\/David-Hirst-7-200x300.jpg","contentUrl":"https:\/\/davidhirst.org\/wp-content\/uploads\/2020\/04\/David-Hirst-7-200x300.jpg"},{"@type":"BreadcrumbList","@id":"https:\/\/davidhirst.org\/de\/biografie\/#breadcrumb","itemListElement":[{"@type":"ListItem","position":1,"name":"Home","item":"https:\/\/davidhirst.org\/de\/"},{"@type":"ListItem","position":2,"name":"Biografie"}]},{"@type":"WebSite","@id":"https:\/\/davidhirst.org\/de\/#website","url":"https:\/\/davidhirst.org\/de\/","name":"David Hirst Organist","description":"","potentialAction":[{"@type":"SearchAction","target":{"@type":"EntryPoint","urlTemplate":"https:\/\/davidhirst.org\/de\/?s={search_term_string}"},"query-input":{"@type":"PropertyValueSpecification","valueRequired":true,"valueName":"search_term_string"}}],"inLanguage":"de"}]}},"_links":{"self":[{"href":"https:\/\/davidhirst.org\/de\/wp-json\/wp\/v2\/pages\/692","targetHints":{"allow":["GET"]}}],"collection":[{"href":"https:\/\/davidhirst.org\/de\/wp-json\/wp\/v2\/pages"}],"about":[{"href":"https:\/\/davidhirst.org\/de\/wp-json\/wp\/v2\/types\/page"}],"author":[{"embeddable":true,"href":"https:\/\/davidhirst.org\/de\/wp-json\/wp\/v2\/users\/2"}],"replies":[{"embeddable":true,"href":"https:\/\/davidhirst.org\/de\/wp-json\/wp\/v2\/comments?post=692"}],"version-history":[{"count":13,"href":"https:\/\/davidhirst.org\/de\/wp-json\/wp\/v2\/pages\/692\/revisions"}],"predecessor-version":[{"id":4086,"href":"https:\/\/davidhirst.org\/de\/wp-json\/wp\/v2\/pages\/692\/revisions\/4086"}],"wp:attachment":[{"href":"https:\/\/davidhirst.org\/de\/wp-json\/wp\/v2\/media?parent=692"}],"curies":[{"name":"wp","href":"https:\/\/api.w.org\/{rel}","templated":true}]}}